{"id":15,"date":"2025-09-08T11:47:56","date_gmt":"2025-09-08T11:47:56","guid":{"rendered":"http:\/\/leslegumesdejallepont.fr\/?page_id=15"},"modified":"2025-09-09T03:22:58","modified_gmt":"2025-09-09T03:22:58","slug":"en-maintenance","status":"publish","type":"page","link":"https:\/\/leslegumesdejallepont.fr\/index.php\/en-maintenance\/","title":{"rendered":"EN MAINTENANCE"},"content":{"rendered":"<p>[et_pb_section fb_built=&#8221;1&#8243; _builder_version=&#8221;4.27.4&#8243; _module_preset=&#8221;default&#8221; background_image=&#8221;https:\/\/leslegumesdejallepont.fr\/wp-content\/uploads\/2025\/09\/Markipo_20240322__A7R4003_1920px.jpg&#8221; min_height=&#8221;100vh&#8221; global_colors_info=&#8221;{}&#8221;][et_pb_row _builder_version=&#8221;4.27.4&#8243; _module_preset=&#8221;default&#8221; background_color=&#8221;rgba(117,64,0,0.53)&#8221; global_colors_info=&#8221;{}&#8221;][et_pb_column type=&#8221;4_4&#8243; _builder_version=&#8221;4.27.4&#8243; _module_preset=&#8221;default&#8221; global_colors_info=&#8221;{}&#8221;][et_pb_blurb title=&#8221;EN MAINTENANCE&#8221; image=&#8221;https:\/\/leslegumesdejallepont.fr\/wp-content\/uploads\/2025\/09\/GRATADOUR-Logo_512px.png&#8221; alt=&#8221;Logo de la soci\u00e9t\u00e9 Les l\u00e9gumes de Jalle Pont&#8221; image_icon_width=&#8221;60%&#8221; _builder_version=&#8221;4.27.4&#8243; _module_preset=&#8221;default&#8221; header_level=&#8221;h1&#8243; header_font=&#8221;|600|||||||&#8221; header_text_align=&#8221;center&#8221; header_font_size=&#8221;50px&#8221; body_font_size=&#8221;20px&#8221; background_layout=&#8221;dark&#8221; custom_padding=&#8221;30px|30px|30px|30px|false|false&#8221; hover_enabled=&#8221;0&#8243; header_font_size_tablet=&#8221;45px&#8221; header_font_size_phone=&#8221;28px&#8221; header_font_size_last_edited=&#8221;on|desktop&#8221; body_font_size_tablet=&#8221;18px&#8221; body_font_size_phone=&#8221;16px&#8221; body_font_size_last_edited=&#8221;on|phone&#8221; global_colors_info=&#8221;{}&#8221; title_text=&#8221;GRATADOUR-Logo_512px&#8221; sticky_enabled=&#8221;0&#8243;]<\/p>\n<p>Vous \u00eates bien sur le site Internet des L\u00e9gumes de Jalle Pont,<br \/>Pierre GRATADOUR. Quelques travaux sont en cours, le site sera de nouveau op\u00e9rationnel dans les prochains jours.<\/p>\n<p>Adresse : 118, Jalle Pont 33185 LE HAILLAN<\/p>\n<p>T\u00e9l\u00e9phone : 06 84 62 85 97<br \/>E-mail : pierregratadour33@gmail.com<\/p>\n<p>[\/et_pb_blurb][\/et_pb_column][\/et_pb_row][\/et_pb_section]<\/p>\n","protected":false},"excerpt":{"rendered":"<p>Vous \u00eates bien sur le site Internet des L\u00e9gumes de Jalle Pont,Pierre GRATADOUR. Quelques travaux sont en cours, le site sera de nouveau op\u00e9rationnel dans les prochains jours. Adresse : 118, Jalle Pont 33185 LE HAILLAN T\u00e9l\u00e9phone : 06 84 62 85 97E-mail : pierregratadour33@gmail.com<\/p>\n","protected":false},"author":1,"featured_media":0,"parent":0,"menu_order":0,"comment_status":"closed","ping_status":"closed","template":"","meta":{"_et_pb_use_builder":"on","_et_pb_old_content":"","_et_gb_content_width":"","footnotes":""},"class_list":["post-15","page","type-page","status-publish","hentry"],"_links":{"self":[{"href":"https:\/\/leslegumesdejallepont.fr\/index.php\/wp-json\/wp\/v2\/pages\/15","targetHints":{"allow":["GET"]}}],"collection":[{"href":"https:\/\/leslegumesdejallepont.fr\/index.php\/wp-json\/wp\/v2\/pages"}],"about":[{"href":"https:\/\/leslegumesdejallepont.fr\/index.php\/wp-json\/wp\/v2\/types\/page"}],"author":[{"embeddable":true,"href":"https:\/\/leslegumesdejallepont.fr\/index.php\/wp-json\/wp\/v2\/users\/1"}],"replies":[{"embeddable":true,"href":"https:\/\/leslegumesdejallepont.fr\/index.php\/wp-json\/wp\/v2\/comments?post=15"}],"version-history":[{"count":7,"href":"https:\/\/leslegumesdejallepont.fr\/index.php\/wp-json\/wp\/v2\/pages\/15\/revisions"}],"predecessor-version":[{"id":35,"href":"https:\/\/leslegumesdejallepont.fr\/index.php\/wp-json\/wp\/v2\/pages\/15\/revisions\/35"}],"wp:attachment":[{"href":"https:\/\/leslegumesdejallepont.fr\/index.php\/wp-json\/wp\/v2\/media?parent=15"}],"curies":[{"name":"wp","href":"https:\/\/api.w.org\/{rel}","templated":true}]}}